{"id":17354,"date":"2020-09-19T14:55:11","date_gmt":"2020-09-19T11:55:11","guid":{"rendered":"http:\/\/uysal.com.tr\/en\/wp\/?page_id=17354"},"modified":"2022-07-28T14:55:41","modified_gmt":"2022-07-28T11:55:41","slug":"ourfoundation-story-and-founder","status":"publish","type":"page","link":"https:\/\/uysal.com.tr\/en\/ourfoundation-story-and-founder\/","title":{"rendered":"OurFoundation Story and Founder"},"content":{"rendered":"<div class=\"vgblk-rw-wrapper limit-wrapper\">\n<p>Uysal was founded by Savashkan family in 1959 in Ankara B\u00fcy\u00fck Sanayi.<\/p>\n\n\n\n<p>It was a very crucial opportunity for us to engage in production-based trade in the Capital in the years when industrialization was just flourishing.<\/p>\n\n\n\n<p>Trading with main industrial establishments of our country has enabled us to realize the importance of production as well as to have precious knowledge and experience.&nbsp;<\/p>\n\n\n\n<p>Our determination to renovate ourselves alongside changing circumstances and needs and to keep up with market conditions encouraged us to go into manufacturing.&nbsp;<\/p>\n\n\n\n<figure class=\"wp-block-image\"><img src=\"http:\/\/uysal.com.tr\/wp-content\/uploads\/2020\/12\/kurulus_hikayemiz_uysal-1.jpg\" alt=\"\"\/><\/figure>\n\n\n\n<p><strong>Our automotive sub-industry production experience that began in Istanbul in the 80senabled us to be successful in many fields owing to the trust of our customers from various sectors.<\/strong><\/p>\n\n\n\n<p>This success led us to initiate our sheet metal processing and forming department, where we also use high technology.&nbsp;<\/p>\n\n\n\n<p>Heating, cooling, energy, petro-chemistry, shipbuilding and defense industry are among the nearly 20 sectors we offer services to.&nbsp;<\/p>\n\n\n\n<p>We have always been conscious of our responsibilities to all our stakeholders, from our customers to our employees, since the first day we&nbsp;<\/p>\n\n\n\n<p>We have never deviated from our founder Salih Kemal Savashkan&#8217;s principles of honesty, conscience and honour. We learned from him that these principles are our invaluable capital.&nbsp;<\/p>\n\n\n\n<p>Cooperating with our customers and employees over the years, we have improved with their support and loyalty everyday.<\/p>\n\n\n\n<p>Having been in business over sixty years, we have learned the importance of investing in people and technology.&nbsp;<\/p>\n\n\n\n<p>Our highly qualified employees, who have embraced our corporate culture, have easily adapted to the changing economic and technical conditions and enabled our company to attain a level corporate structure that few companies at our scale.<\/p>\n\n\n\n<p>Our manufacturing numerous products for a wide variety of sectors has made sharing our information and know-how across sectors possible.&nbsp;<\/p>\n\n\n\n<p>These experiences are the resources we benefit the most in our long-term goal of \u201cbecoming a global value in our field\u201d.<\/p>\n<\/div><!-- .vgblk-rw-wrapper -->","protected":false},"excerpt":{"rendered":"<p>Uysal was founded by Savashkan family in 1959 in Ankara B\u00fcy\u00fck Sanayi. It was a very crucial opportunity for us to engage in production-based trade in the Capital in the years when industrialization was just flourishing. Trading with main industrial establishments of our country has enabled us to realize the importance of production as well&#8230;<\/p>\n","protected":false},"author":1,"featured_media":0,"parent":0,"menu_order":0,"comment_status":"closed","ping_status":"closed","template":"","meta":[],"yoast_head":"<!-- This site is optimized with the Yoast SEO plugin v16.4 - https:\/\/yoast.com\/wordpress\/plugins\/seo\/ -->\n<title>OurFoundation Story and Founder - Uysal Automotive Industry and Trade Inc.<\/title>\n<meta name=\"description\" content=\"Ayhan \u015eahenk i\u015f hayat\u0131nda daima k\u00fcresel d\u00fc\u015f\u00fcnd\u00fc, konular\u0131 bir b\u00fct\u00fcn olarak ele ald\u0131. Daimi hedefi, \u00fcretken projeleri ve sistemleri hayata ge\u00e7irerek uzun vadeli imk\u00e2nlar yaratmakt\u0131. Ge\u00e7ici hi\u00e7bir i\u015fle u\u011fra\u015fmad\u0131, her zaman \u015firketlerini k\u00e2r hedefinin \u00f6tesine ta\u015f\u0131y\u0131p kurumla\u015ft\u0131rmak amac\u0131na y\u00f6neldi.Kendisini sayg\u0131yla an\u0131yoruz...\" \/>\n<meta name=\"robots\" content=\"index, follow, max-snippet:-1, max-image-preview:large, max-video-preview:-1\" \/>\n<link rel=\"canonical\" href=\"http:\/\/uysal.com.tr\/en\/ourfoundation-story-and-founder\/\" \/>\n<meta property=\"og:locale\" content=\"en_US\" \/>\n<meta property=\"og:type\" content=\"article\" \/>\n<meta property=\"og:title\" content=\"OurFoundation Story and Founder - Uysal Automotive Industry and Trade Inc.\" \/>\n<meta property=\"og:description\" content=\"Ayhan \u015eahenk i\u015f hayat\u0131nda daima k\u00fcresel d\u00fc\u015f\u00fcnd\u00fc, konular\u0131 bir b\u00fct\u00fcn olarak ele ald\u0131. Daimi hedefi, \u00fcretken projeleri ve sistemleri hayata ge\u00e7irerek uzun vadeli imk\u00e2nlar yaratmakt\u0131. Ge\u00e7ici hi\u00e7bir i\u015fle u\u011fra\u015fmad\u0131, her zaman \u015firketlerini k\u00e2r hedefinin \u00f6tesine ta\u015f\u0131y\u0131p kurumla\u015ft\u0131rmak amac\u0131na y\u00f6neldi.Kendisini sayg\u0131yla an\u0131yoruz...\" \/>\n<meta property=\"og:url\" content=\"http:\/\/uysal.com.tr\/en\/ourfoundation-story-and-founder\/\" \/>\n<meta property=\"og:site_name\" content=\"Uysal Automotive Industry and Trade Inc.\" \/>\n<meta property=\"article:modified_time\" content=\"2022-07-28T11:55:41+00:00\" \/>\n<meta property=\"og:image\" content=\"http:\/\/uysal.com.tr\/wp-content\/uploads\/2020\/12\/kurulus_hikayemiz_uysal-1.jpg\" \/>\n<meta name=\"twitter:card\" content=\"summary_large_image\" \/>\n<meta name=\"twitter:label1\" content=\"Est. reading time\" \/>\n\t<meta name=\"twitter:data1\" content=\"2 minutes\" \/>\n<script type=\"application\/ld+json\" class=\"yoast-schema-graph\">{\"@context\":\"https:\/\/schema.org\",\"@graph\":[{\"@type\":\"WebSite\",\"@id\":\"https:\/\/uysal.com.tr\/en\/#website\",\"url\":\"https:\/\/uysal.com.tr\/en\/\",\"name\":\"Uysal Automotive Industry and Trade Inc.\",\"description\":\"\",\"potentialAction\":[{\"@type\":\"SearchAction\",\"target\":\"https:\/\/uysal.com.tr\/en\/?s={search_term_string}\",\"query-input\":\"required name=search_term_string\"}],\"inLanguage\":\"en-US\"},{\"@type\":\"ImageObject\",\"@id\":\"http:\/\/uysal.com.tr\/en\/ourfoundation-story-and-founder\/#primaryimage\",\"inLanguage\":\"en-US\",\"url\":\"http:\/\/uysal.com.tr\/wp-content\/uploads\/2020\/12\/kurulus_hikayemiz_uysal-1.jpg\",\"contentUrl\":\"http:\/\/uysal.com.tr\/wp-content\/uploads\/2020\/12\/kurulus_hikayemiz_uysal-1.jpg\"},{\"@type\":\"WebPage\",\"@id\":\"http:\/\/uysal.com.tr\/en\/ourfoundation-story-and-founder\/#webpage\",\"url\":\"http:\/\/uysal.com.tr\/en\/ourfoundation-story-and-founder\/\",\"name\":\"OurFoundation Story and Founder - Uysal Automotive Industry and Trade Inc.\",\"isPartOf\":{\"@id\":\"https:\/\/uysal.com.tr\/en\/#website\"},\"primaryImageOfPage\":{\"@id\":\"http:\/\/uysal.com.tr\/en\/ourfoundation-story-and-founder\/#primaryimage\"},\"datePublished\":\"2020-09-19T11:55:11+00:00\",\"dateModified\":\"2022-07-28T11:55:41+00:00\",\"description\":\"Ayhan \\u015eahenk i\\u015f hayat\\u0131nda daima k\\u00fcresel d\\u00fc\\u015f\\u00fcnd\\u00fc, konular\\u0131 bir b\\u00fct\\u00fcn olarak ele ald\\u0131. Daimi hedefi, \\u00fcretken projeleri ve sistemleri hayata ge\\u00e7irerek uzun vadeli imk\\u00e2nlar yaratmakt\\u0131. Ge\\u00e7ici hi\\u00e7bir i\\u015fle u\\u011fra\\u015fmad\\u0131, her zaman \\u015firketlerini k\\u00e2r hedefinin \\u00f6tesine ta\\u015f\\u0131y\\u0131p kurumla\\u015ft\\u0131rmak amac\\u0131na y\\u00f6neldi.Kendisini sayg\\u0131yla an\\u0131yoruz...\",\"breadcrumb\":{\"@id\":\"http:\/\/uysal.com.tr\/en\/ourfoundation-story-and-founder\/#breadcrumb\"},\"inLanguage\":\"en-US\",\"potentialAction\":[{\"@type\":\"ReadAction\",\"target\":[\"http:\/\/uysal.com.tr\/en\/ourfoundation-story-and-founder\/\"]}]},{\"@type\":\"BreadcrumbList\",\"@id\":\"http:\/\/uysal.com.tr\/en\/ourfoundation-story-and-founder\/#breadcrumb\",\"itemListElement\":[{\"@type\":\"ListItem\",\"position\":1,\"item\":{\"@type\":\"WebPage\",\"@id\":\"https:\/\/uysal.com.tr\/en\/\",\"url\":\"https:\/\/uysal.com.tr\/en\/\",\"name\":\"Home\"}},{\"@type\":\"ListItem\",\"position\":2,\"item\":{\"@id\":\"http:\/\/uysal.com.tr\/en\/ourfoundation-story-and-founder\/#webpage\"}}]}]}<\/script>\n<!-- \/ Yoast SEO plugin. -->","jetpack_sharing_enabled":true,"_links":{"self":[{"href":"https:\/\/uysal.com.tr\/en\/wp-json\/wp\/v2\/pages\/17354"}],"collection":[{"href":"https:\/\/uysal.com.tr\/en\/wp-json\/wp\/v2\/pages"}],"about":[{"href":"https:\/\/uysal.com.tr\/en\/wp-json\/wp\/v2\/types\/page"}],"author":[{"embeddable":true,"href":"https:\/\/uysal.com.tr\/en\/wp-json\/wp\/v2\/users\/1"}],"replies":[{"embeddable":true,"href":"https:\/\/uysal.com.tr\/en\/wp-json\/wp\/v2\/comments?post=17354"}],"version-history":[{"count":10,"href":"https:\/\/uysal.com.tr\/en\/wp-json\/wp\/v2\/pages\/17354\/revisions"}],"predecessor-version":[{"id":17948,"href":"https:\/\/uysal.com.tr\/en\/wp-json\/wp\/v2\/pages\/17354\/revisions\/17948"}],"wp:attachment":[{"href":"https:\/\/uysal.com.tr\/en\/wp-json\/wp\/v2\/media?parent=17354"}],"curies":[{"name":"wp","href":"https:\/\/api.w.org\/{rel}","templated":true}]}}