{"id":12743,"date":"2017-05-10T20:18:37","date_gmt":"2017-05-10T17:18:37","guid":{"rendered":"https:\/\/nex.vamtam.com\/?page_id=12743"},"modified":"2022-07-28T23:11:37","modified_gmt":"2022-07-28T20:11:37","slug":"energy","status":"publish","type":"page","link":"https:\/\/uysal.com.tr\/en\/energy\/","title":{"rendered":"Energy"},"content":{"rendered":"<div class=\"vgblk-rw-wrapper limit-wrapper\">\n<h2 id=\"block-1c67f0ae-4513-4cfc-92ad-344bc7eceb56\"><span style=\"color:#236667\" class=\"has-inline-color\">J-M-N-O-P-X Type Gaskets<\/span><\/h2>\n\n\n\n<figure class=\"wp-block-image size-large\" id=\"block-36b2c57e-c890-4013-8de1-e48a3b0b0254\"><img src=\"http:\/\/uysal.com.tr\/en\/wp-content\/uploads\/2021\/03\/1-3.jpg\" alt=\"Bu g\u00f6rsel bo\u015f bir alt niteli\u011fe sahip; dosya ad\u0131 1-3.jpg\"\/><\/figure>\n\n\n\n<p id=\"block-e64d92a6-29a9-4994-b46e-8e714200df40\">Gaskets made of cork, asbestos free jointing sheet, electrical pressboard and NBR rubber that meet energy sector standards.\u00a0<\/p>\n\n\n\n<h3 id=\"block-552bf62b-b8db-45f8-bca2-f0c4954186dd\">\ufeff<\/h3>\n\n\n\n<h2 id=\"block-42e546d9-3701-45b0-b34b-7be9b82fecb2\"><span style=\"color:#236667\" class=\"has-inline-color\">Valve Gaskets<\/span><\/h2>\n\n\n\n<figure class=\"wp-block-image size-large\" id=\"block-87328c32-4e40-4cc7-bcd4-0e58c3dc5ced\"><img src=\"http:\/\/uysal.com.tr\/en\/wp-content\/uploads\/2021\/03\/2-2.jpg\" alt=\"Bu g\u00f6rsel bo\u015f bir alt niteli\u011fe sahip; dosya ad\u0131 2-2.jpg\"\/><\/figure>\n\n\n\n<p id=\"block-9a5c0436-2093-4dd5-ab74-24169c7471d1\"><strong>Valve gaskets<\/strong>, made of non-asbestos sheets, NBR, silicone or similar rubber compounds, PTFE kind plastic that meet worldwide standards like DIN, ANSI, JIS and similar, in accordance with technical specifications.\u00a0<\/p>\n\n\n\n<h2 id=\"block-bb65795c-b9e0-42c1-a9d4-045fc4d366a8\"><span style=\"color:#236667\" class=\"has-inline-color\">Cork Gaskets<\/span><\/h2>\n\n\n\n<figure class=\"wp-block-image size-large\" id=\"block-1f1f0fe8-3ee8-4e7d-914e-b1364af1c99c\"><img src=\"http:\/\/uysal.com.tr\/en\/wp-content\/uploads\/2021\/03\/3-2.jpg\" alt=\"Bu g\u00f6rsel bo\u015f bir alt niteli\u011fe sahip; dosya ad\u0131 3-2.jpg\"\/><\/figure>\n\n\n\n<p id=\"block-5ea14269-7e74-4cd5-98e8-3f588c296271\">Gaskets made of cork composites.\u00a0<\/p>\n\n\n\n<h2 id=\"block-134d9145-c5be-4b6f-a2f4-822d2f3611fd\"><span style=\"color:#236667\" class=\"has-inline-color\">O-Rings<\/span><\/h2>\n\n\n\n<figure class=\"wp-block-image size-large\" id=\"block-64877ecf-e6ba-4b60-aa8d-7320eb34e502\"><img src=\"http:\/\/uysal.com.tr\/en\/wp-content\/uploads\/2021\/03\/4-2.jpg\" alt=\"Bu g\u00f6rsel bo\u015f bir alt niteli\u011fe sahip; dosya ad\u0131 4-2.jpg\"\/><\/figure>\n\n\n\n<p id=\"block-3f26eb08-a4dc-4aff-bed8-5bc2ab2125dd\"><strong>O-rings<\/strong> made of NBR, FKM (Viton), PTFE (Teflon), VMQ (Silicone) materials used in different fields for static sealing purposes<\/p>\n\n\n\n<h2 id=\"block-9b43f800-a5c6-40c7-9310-11fe060d6034\"><span style=\"color:#236667\" class=\"has-inline-color\">Spiral Wound Gaskets<\/span><\/h2>\n\n\n\n<figure class=\"wp-block-image size-large\" id=\"block-968d46a0-2392-45aa-bd78-5e0dc6141cf6\"><img src=\"http:\/\/uysal.com.tr\/en\/wp-content\/uploads\/2021\/03\/5.jpg\" alt=\"Bu g\u00f6rsel bo\u015f bir alt niteli\u011fe sahip; dosya ad\u0131 5.jpg\"\/><\/figure>\n\n\n\n<p id=\"block-2b925cda-c2d8-48ec-93d5-f50aa30299f1\">Spiral wound gaskets are high temperature and pressure resistant sealing elements made of semi-metallic, spirally wound v-shaped stainless steel strip and a non-metallic filler material such as graphite or PTFE (Teflon). It is produced according to accepted standards such as DIN, ANSI, JIS and in special sizes.<\/p>\n\n\n\n<h2 id=\"block-7a9ff1f6-03f7-4231-b224-af8e330b09c8\"><span style=\"color:#236667\" class=\"has-inline-color\">Custom Made Gaskets<\/span><\/h2>\n\n\n\n<figure class=\"wp-block-image size-large\" id=\"block-7d692a68-20a8-416f-a0fe-72ac6d413e3e\"><img src=\"http:\/\/uysal.com.tr\/en\/wp-content\/uploads\/2021\/03\/6-1.jpg\" alt=\"Bu g\u00f6rsel bo\u015f bir alt niteli\u011fe sahip; dosya ad\u0131 6-1.jpg\"\/><\/figure>\n\n\n\n<p id=\"block-b18e8dd2-4436-4bdb-9d80-1db596a377ff\">Depending on the requirements of sectors, <strong>custom made gaskets <\/strong>manufactured from non-asbestos jointing sheets, NBR, FKM, Silikon, EPDM and similar compounds, PE-PP-PTFE kind plastics.<\/p>\n\n\n\n<h2 id=\"block-32b571a6-6c66-4465-b83c-c948d9ae3f21\"><span style=\"color:#236667\" class=\"has-inline-color\">PTFE (Teflon) Sheets<\/span><\/h2>\n\n\n\n<figure class=\"wp-block-image size-large\" id=\"block-a17b3ecf-8206-44d5-8a5d-edd2eb9859b9\"><img src=\"http:\/\/uysal.com.tr\/en\/wp-content\/uploads\/2021\/03\/7-2.jpg\" alt=\"Bu g\u00f6rsel bo\u015f bir alt niteli\u011fe sahip; dosya ad\u0131 7-2.jpg\"\/><\/figure>\n\n\n\n<p>PTFE (Teflon) sheets for multipurpose applications.<\/p>\n<\/div><!-- .vgblk-rw-wrapper -->","protected":false},"excerpt":{"rendered":"<p>J-M-N-O-P-X Type Gaskets Gaskets made of cork, asbestos free jointing sheet, electrical pressboard and NBR rubber that meet energy sector standards.\u00a0 \ufeff Valve Gaskets Valve gaskets, made of non-asbestos sheets, NBR, silicone or similar rubber compounds, PTFE kind plastic that meet worldwide standards like DIN, ANSI, JIS and similar, in accordance with technical specifications.\u00a0 Cork&#8230;<\/p>\n","protected":false},"author":1,"featured_media":0,"parent":0,"menu_order":0,"comment_status":"closed","ping_status":"closed","template":"","meta":[],"yoast_head":"<!-- This site is optimized with the Yoast SEO plugin v16.4 - https:\/\/yoast.com\/wordpress\/plugins\/seo\/ -->\n<title>Energy - Uysal Automotive Industry and Trade Inc.<\/title>\n<meta name=\"robots\" content=\"index, follow, max-snippet:-1, max-image-preview:large, max-video-preview:-1\" \/>\n<link rel=\"canonical\" href=\"https:\/\/uysal.com.tr\/en\/energy\/\" \/>\n<meta property=\"og:locale\" content=\"en_US\" \/>\n<meta property=\"og:type\" content=\"article\" \/>\n<meta property=\"og:title\" content=\"Energy - Uysal Automotive Industry and Trade Inc.\" \/>\n<meta property=\"og:description\" content=\"J-M-N-O-P-X Type Gaskets Gaskets made of cork, asbestos free jointing sheet, electrical pressboard and NBR rubber that meet energy sector standards.\u00a0 \ufeff Valve Gaskets Valve gaskets, made of non-asbestos sheets, NBR, silicone or similar rubber compounds, PTFE kind plastic that meet worldwide standards like DIN, ANSI, JIS and similar, in accordance with technical specifications.\u00a0 Cork...\" \/>\n<meta property=\"og:url\" content=\"https:\/\/uysal.com.tr\/en\/energy\/\" \/>\n<meta property=\"og:site_name\" content=\"Uysal Automotive Industry and Trade Inc.\" \/>\n<meta property=\"article:modified_time\" content=\"2022-07-28T20:11:37+00:00\" \/>\n<meta property=\"og:image\" content=\"http:\/\/uysal.com.tr\/en\/wp-content\/uploads\/2021\/03\/1-3.jpg\" \/>\n<meta name=\"twitter:card\" content=\"summary_large_image\" \/>\n<meta name=\"twitter:label1\" content=\"Est. reading time\" \/>\n\t<meta name=\"twitter:data1\" content=\"3 minutes\" \/>\n<script type=\"application\/ld+json\" class=\"yoast-schema-graph\">{\"@context\":\"https:\/\/schema.org\",\"@graph\":[{\"@type\":\"WebSite\",\"@id\":\"https:\/\/uysal.com.tr\/en\/#website\",\"url\":\"https:\/\/uysal.com.tr\/en\/\",\"name\":\"Uysal Automotive Industry and Trade Inc.\",\"description\":\"\",\"potentialAction\":[{\"@type\":\"SearchAction\",\"target\":\"https:\/\/uysal.com.tr\/en\/?s={search_term_string}\",\"query-input\":\"required name=search_term_string\"}],\"inLanguage\":\"en-US\"},{\"@type\":\"ImageObject\",\"@id\":\"https:\/\/uysal.com.tr\/en\/energy\/#primaryimage\",\"inLanguage\":\"en-US\",\"url\":\"http:\/\/uysal.com.tr\/en\/wp-content\/uploads\/2021\/03\/1-3.jpg\",\"contentUrl\":\"http:\/\/uysal.com.tr\/en\/wp-content\/uploads\/2021\/03\/1-3.jpg\"},{\"@type\":\"WebPage\",\"@id\":\"https:\/\/uysal.com.tr\/en\/energy\/#webpage\",\"url\":\"https:\/\/uysal.com.tr\/en\/energy\/\",\"name\":\"Energy - Uysal Automotive Industry and Trade Inc.\",\"isPartOf\":{\"@id\":\"https:\/\/uysal.com.tr\/en\/#website\"},\"primaryImageOfPage\":{\"@id\":\"https:\/\/uysal.com.tr\/en\/energy\/#primaryimage\"},\"datePublished\":\"2017-05-10T17:18:37+00:00\",\"dateModified\":\"2022-07-28T20:11:37+00:00\",\"breadcrumb\":{\"@id\":\"https:\/\/uysal.com.tr\/en\/energy\/#breadcrumb\"},\"inLanguage\":\"en-US\",\"potentialAction\":[{\"@type\":\"ReadAction\",\"target\":[\"https:\/\/uysal.com.tr\/en\/energy\/\"]}]},{\"@type\":\"BreadcrumbList\",\"@id\":\"https:\/\/uysal.com.tr\/en\/energy\/#breadcrumb\",\"itemListElement\":[{\"@type\":\"ListItem\",\"position\":1,\"item\":{\"@type\":\"WebPage\",\"@id\":\"https:\/\/uysal.com.tr\/en\/\",\"url\":\"https:\/\/uysal.com.tr\/en\/\",\"name\":\"Home\"}},{\"@type\":\"ListItem\",\"position\":2,\"item\":{\"@id\":\"https:\/\/uysal.com.tr\/en\/energy\/#webpage\"}}]}]}<\/script>\n<!-- \/ Yoast SEO plugin. -->","jetpack_sharing_enabled":true,"_links":{"self":[{"href":"https:\/\/uysal.com.tr\/en\/wp-json\/wp\/v2\/pages\/12743"}],"collection":[{"href":"https:\/\/uysal.com.tr\/en\/wp-json\/wp\/v2\/pages"}],"about":[{"href":"https:\/\/uysal.com.tr\/en\/wp-json\/wp\/v2\/types\/page"}],"author":[{"embeddable":true,"href":"https:\/\/uysal.com.tr\/en\/wp-json\/wp\/v2\/users\/1"}],"replies":[{"embeddable":true,"href":"https:\/\/uysal.com.tr\/en\/wp-json\/wp\/v2\/comments?post=12743"}],"version-history":[{"count":12,"href":"https:\/\/uysal.com.tr\/en\/wp-json\/wp\/v2\/pages\/12743\/revisions"}],"predecessor-version":[{"id":18005,"href":"https:\/\/uysal.com.tr\/en\/wp-json\/wp\/v2\/pages\/12743\/revisions\/18005"}],"wp:attachment":[{"href":"https:\/\/uysal.com.tr\/en\/wp-json\/wp\/v2\/media?parent=12743"}],"curies":[{"name":"wp","href":"https:\/\/api.w.org\/{rel}","templated":true}]}}